{"id":22541,"date":"2025-01-14T09:37:44","date_gmt":"2025-01-14T08:37:44","guid":{"rendered":"https:\/\/ferrygut.com\/product\/flextail-max-pump-3-wiederaufladbare-luftbettpumpe-weis\/"},"modified":"2026-02-13T16:30:41","modified_gmt":"2026-02-13T15:30:41","slug":"flextail-max-pump-3-wiederaufladbare-luftbettpumpe-weis","status":"publish","type":"product","link":"https:\/\/ferrygut.com\/de\/produkt\/flextail-max-pump-3-wiederaufladbare-luftbettpumpe-weis\/","title":{"rendered":"Flextail &#8211; Max Pump 3 &#8211; Wiederaufladbare Luftbettpumpe &#8211; Wei\u00df"},"content":{"rendered":"<p><span style=\"font-size: 14px;\">Mit der Max Pump 3 kannst du mit einer sehr leistungsstarken Luftbettpumpe reisen. Sie kann nicht nur ein Luftbett aufblasen, sondern noch viel mehr. Diese Luftpumpe sollte also auf keinen Fall in deinem Rucksack fehlen, wenn du verreist!  <\/span><\/p>\n<h2>Die Pluspunkte der Max Pump 3 von Flextail:<\/h2>\n<ul>\n<li>Aufblasen und Staubsaugen<\/li>\n<li>Laterne mit bis zu 300 Lumen<\/li>\n<li>Wiederaufladbar mit dem mitgelieferten USB-C Kabel<\/li>\n<li>Nur 122 Gramm<\/li>\n<li>500L\/MIN, 5kPa<\/li>\n<\/ul>\n<h4>Abpumpen und Vakuum<\/h4>\n<p>Dass die Max Pump 3 ein einzigartiges Design f\u00fcr eine Luftpumpe hat, sollte klar sein. Du schaust durch das transparente Geh\u00e4use in das Innere der Pumpe. Das Design erm\u00f6glicht es dieser Pumpe, die Luft optimal zu bewegen. So kannst du auf der einen Seite der Pumpe Luft ausblasen und so zum Beispiel eine Luftbettpumpe aufpumpen. Auf der anderen Seite der Pumpe wird die Luft abgesaugt, mit der du etwas vakuumieren kannst. Das k\u00f6nnen Staubsaugerbeutel sein, aber auch z.B. der Luftreifenring am Pool, wenn du nach Hause kommst.     <\/p>\n<h4>Kompakt und tragbar<\/h4>\n<p>Mit einem Gewicht von 122 Gramm und der Gr\u00f6\u00dfe eines gro\u00dfen Eies merkst du kaum, dass du die Max Pump 3 bei dir tr\u00e4gst. Sie ist daher ideal, wenn du zelten oder mit dem Rucksack unterwegs bist und deine Energie f\u00fcr lustigere Dinge als das Aufblasen einer Luftmatte nutzen willst. <\/p>\n<h4>Verschiedene Anh\u00e4nge<\/h4>\n<p>Die Max Pump 3 Luftpumpen werden mit 6 verschiedenen Aufs\u00e4tzen geliefert, N1 bis N6. Damit eignet sich die Max Pump 3 f\u00fcr Wasserspielzeug, gro\u00dfe Luftmatratzen, aufblasbare Kissen, Luftmatratzen, Vakuum-Speicherbeutel und Stative. Mit der Aufblaspumpe von Flextail kannst du mit einer Akkuladung 257 Flextail-Kissen oder 21 Einpersonen-Luftmatratzen aufblasen, aber nat\u00fcrlich kannst du sie auch f\u00fcr andere Dinge verwenden!  <\/p>\n<p>&nbsp;<\/p>\n","protected":false},"excerpt":{"rendered":"<p>Mit der Max Pump 3 kannst du mit einer sehr leistungsstarken Luftbettpumpe reisen. Sie kann nicht nur ein Luftbett aufblasen, sondern noch viel mehr. Diese Luftpumpe sollte also auf keinen Fall in deinem Rucksack fehlen, wenn du verreist! Die Pluspunkte der Max Pump 3 von Flextail: Aufblasen und Staubsaugen Laterne mit bis zu 300 Lumen [&hellip;]<\/p>\n","protected":false},"featured_media":22510,"comment_status":"closed","ping_status":"closed","template":"","meta":{"_acf_changed":false,"_seopress_robots_primary_cat":"none","_seopress_titles_title":"Flextail Wiederaufladbare Luftbettpumpe - Max Pump 3 - 500l\/min - elektrische Pumpe - Wei\u00df","_seopress_titles_desc":"Eine kompakte, wiederaufladbare Luftmatratzenpumpe f\u00fcr unterwegs! Mit nur 122 Gramm und einer Gr\u00f6\u00dfe von 8,4 x 4,8 x 4,8 cm ist die Max Pump 3 ideal f\u00fcr deinen Rucksack.  Bestelle jetzt und profitiere von einer schnellen Lieferung.","_seopress_robots_index":""},"product_brand":[],"product_cat":[2904,2907,2905],"product_tag":[],"brands":[5277],"channels":[{"id":5331,"name":"Amazon","slug":"amazon-de"},{"id":5343,"name":"ANWB","slug":"anwb-de"},{"id":5319,"name":"Bol","slug":"bol-de"},{"id":5325,"name":"Decathlon","slug":"decathlon-de"},{"id":5313,"name":"Kaufland","slug":"kaufland-de"},{"id":5337,"name":"Kruidvat","slug":"kruidvat-de"},{"id":5355,"name":"Obelink","slug":"obelink-de"}],"class_list":{"0":"post-22541","1":"product","2":"type-product","3":"status-publish","4":"has-post-thumbnail","6":"product_cat-camping","7":"product_cat-luftbett-pumpen","8":"product_cat-luftpumpen","9":"brands-flextail","10":"channels-amazon-de","11":"channels-anwb-de","12":"channels-bol-de","13":"channels-decathlon-de","14":"channels-kaufland-de","15":"channels-kruidvat-de","16":"channels-obelink-de","18":"first","19":"instock","20":"sale","21":"taxable","22":"shipping-taxable","23":"purchasable","24":"product-type-simple"},"acf":[],"weight_unit":"kg","dimension_unit":"cm","packaging_unit":"St\u00fccke","country_of_origin":"China","weee_germany":"DE97744419","website_url":"https:\/\/ferrygut.com\/","verkoper":"FerryGut.com","postcode":"5048CD","telefoonnummer":"+31850000735","_links":{"self":[{"href":"https:\/\/ferrygut.com\/de\/wp-json\/wp\/v2\/product\/22541","targetHints":{"allow":["GET"]}}],"collection":[{"href":"https:\/\/ferrygut.com\/de\/wp-json\/wp\/v2\/product"}],"about":[{"href":"https:\/\/ferrygut.com\/de\/wp-json\/wp\/v2\/types\/product"}],"replies":[{"embeddable":true,"href":"https:\/\/ferrygut.com\/de\/wp-json\/wp\/v2\/comments?post=22541"}],"wp:featuredmedia":[{"embeddable":true,"href":"https:\/\/ferrygut.com\/de\/wp-json\/wp\/v2\/media\/22510"}],"wp:attachment":[{"href":"https:\/\/ferrygut.com\/de\/wp-json\/wp\/v2\/media?parent=22541"}],"wp:term":[{"taxonomy":"product_brand","embeddable":true,"href":"https:\/\/ferrygut.com\/de\/wp-json\/wp\/v2\/product_brand?post=22541"},{"taxonomy":"product_cat","embeddable":true,"href":"https:\/\/ferrygut.com\/de\/wp-json\/wp\/v2\/product_cat?post=22541"},{"taxonomy":"product_tag","embeddable":true,"href":"https:\/\/ferrygut.com\/de\/wp-json\/wp\/v2\/product_tag?post=22541"},{"taxonomy":"brands","embeddable":true,"href":"https:\/\/ferrygut.com\/de\/wp-json\/wp\/v2\/brands?post=22541"},{"taxonomy":"channels","embeddable":true,"href":"https:\/\/ferrygut.com\/de\/wp-json\/wp\/v2\/channels?post=22541"}],"curies":[{"name":"wp","href":"https:\/\/api.w.org\/{rel}","templated":true}]}}