{"id":22529,"date":"2025-01-13T13:43:29","date_gmt":"2025-01-13T12:43:29","guid":{"rendered":"https:\/\/ferrygut.com\/product\/flextail-max-pump-3-wiederaufladbare-luftbettpumpe-schwarz\/"},"modified":"2026-02-13T16:31:23","modified_gmt":"2026-02-13T15:31:23","slug":"flextail-max-pump-3-wiederaufladbare-luftbettpumpe-schwarz","status":"publish","type":"product","link":"https:\/\/ferrygut.com\/de\/produkt\/flextail-max-pump-3-wiederaufladbare-luftbettpumpe-schwarz\/","title":{"rendered":"Flextail &#8211; Max Pump 3 &#8211; Wiederaufladbare Luftbettpumpe &#8211; Schwarz"},"content":{"rendered":"<p><span style=\"font-size: 14px;\">Mit der Max Pump 3 schwarz reist du mit einer leistungsstarken und vielseitigen Luftpumpe. Diese Pumpe bl\u00e4st nicht nur Luftmatratzen auf, sondern hat auch andere praktische Funktionen. Ein Muss f\u00fcr deinen Rucksack auf Reisen oder Campingausfl\u00fcgen!  <\/span><\/p>\n<h4><strong>Die Pluspunkte der Max Pump 3 von Flextail:<\/strong><\/h4>\n<ul>\n<li>Aufblasen und Staubsaugen<\/li>\n<li>Laterne mit bis zu 300 Lumen<\/li>\n<li>Wiederaufladbar mit dem mitgelieferten USB-C Kabel<\/li>\n<li>Nur 122 Gramm<\/li>\n<li>500L\/MIN, 5kPa<\/li>\n<\/ul>\n<h4>Abpumpen und Vakuum<\/h4>\n<p>Die Max Pump 3 schwarz hat ein einzigartiges Design, das ideal ist, um Luft zu bewegen. Auf der einen Seite bl\u00e4st die Pumpe Luft ein, sodass du Luftbetten oder andere aufblasbare Gegenst\u00e4nde leicht bef\u00fcllen kannst. Auf der anderen Seite saugt die Pumpe die Luft ab, sodass du z. B. Vakuumbeutel verwenden oder Luft aus einem Schwimmkorb absaugen kannst. Das macht sie nicht nur auf Reisen praktisch, sondern auch zu Hause.   <\/p>\n<h4>Kompakt und tragbar<\/h4>\n<p>Mit einem Gewicht von nur 122 Gramm und der Gr\u00f6\u00dfe eines gro\u00dfen Eies ist die Max Pump 3 schwarz leicht zu tragen. Perfekt f\u00fcr Camping- oder Rucksacktouren, bei denen du deine Energie lieber in das Abenteuer steckst als in das Aufblasen einer Luftmatratze. <\/p>\n<h4>Verschiedene Anh\u00e4nge<\/h4>\n<p>Die Max Pump 3 wird mit 6 Aufs\u00e4tzen (N1 bis N6) geliefert, mit denen du sie f\u00fcr verschiedene Zwecke einsetzen kannst: von Wasserspielzeug und gro\u00dfen Luftmatratzen bis hin zu Vakuums\u00e4cken und aufblasbaren Kissen. Mit einer Akkuladung kannst du z. B. 257 Flextail-Kissen oder 21 einzelne Luftmatratzen aufblasen. Und nat\u00fcrlich kann er auch f\u00fcr andere Anwendungen eingesetzt werden!  <\/p>\n","protected":false},"excerpt":{"rendered":"<p>Mit der Max Pump 3 schwarz reist du mit einer leistungsstarken und vielseitigen Luftpumpe. Diese Pumpe bl\u00e4st nicht nur Luftmatratzen auf, sondern hat auch andere praktische Funktionen. Ein Muss f\u00fcr deinen Rucksack auf Reisen oder Campingausfl\u00fcgen! Die Pluspunkte der Max Pump 3 von Flextail: Aufblasen und Staubsaugen Laterne mit bis zu 300 Lumen Wiederaufladbar mit [&hellip;]<\/p>\n","protected":false},"featured_media":22448,"comment_status":"closed","ping_status":"closed","template":"","meta":{"_acf_changed":false,"_seopress_robots_primary_cat":"none","_seopress_titles_title":"Flextail Wiederaufladbare Luftbettpumpe - Max Pump 3 - 500l\/min - elektrische Pumpe - Schwarz","_seopress_titles_desc":"Bestelle die wiederaufladbare Luftmatratzenpumpe, um deine gesamte aufblasbare Ausr\u00fcstung aufzupumpen! Die Flextail Max Pump 3 ist in den Farben Orange, Schwarz und Wei\u00df erh\u00e4ltlich. Kaufe jetzt und profitiere von der schnellen Lieferung.  ","_seopress_robots_index":""},"product_brand":[],"product_cat":[2904,2907,2905],"product_tag":[],"brands":[5277],"channels":[{"id":5331,"name":"Amazon","slug":"amazon-de"},{"id":5343,"name":"ANWB","slug":"anwb-de"},{"id":5319,"name":"Bol","slug":"bol-de"},{"id":5325,"name":"Decathlon","slug":"decathlon-de"},{"id":5313,"name":"Kaufland","slug":"kaufland-de"},{"id":5337,"name":"Kruidvat","slug":"kruidvat-de"},{"id":5355,"name":"Obelink","slug":"obelink-de"}],"class_list":{"0":"post-22529","1":"product","2":"type-product","3":"status-publish","4":"has-post-thumbnail","6":"product_cat-camping","7":"product_cat-luftbett-pumpen","8":"product_cat-luftpumpen","9":"brands-flextail","10":"channels-amazon-de","11":"channels-anwb-de","12":"channels-bol-de","13":"channels-decathlon-de","14":"channels-kaufland-de","15":"channels-kruidvat-de","16":"channels-obelink-de","18":"first","19":"instock","20":"sale","21":"taxable","22":"shipping-taxable","23":"purchasable","24":"product-type-simple"},"acf":[],"weight_unit":"kg","dimension_unit":"cm","packaging_unit":"St\u00fccke","country_of_origin":"China","weee_germany":"DE97744419","website_url":"https:\/\/ferrygut.com\/","verkoper":"FerryGut.com","postcode":"5048CD","telefoonnummer":"+31850000735","_links":{"self":[{"href":"https:\/\/ferrygut.com\/de\/wp-json\/wp\/v2\/product\/22529","targetHints":{"allow":["GET"]}}],"collection":[{"href":"https:\/\/ferrygut.com\/de\/wp-json\/wp\/v2\/product"}],"about":[{"href":"https:\/\/ferrygut.com\/de\/wp-json\/wp\/v2\/types\/product"}],"replies":[{"embeddable":true,"href":"https:\/\/ferrygut.com\/de\/wp-json\/wp\/v2\/comments?post=22529"}],"wp:featuredmedia":[{"embeddable":true,"href":"https:\/\/ferrygut.com\/de\/wp-json\/wp\/v2\/media\/22448"}],"wp:attachment":[{"href":"https:\/\/ferrygut.com\/de\/wp-json\/wp\/v2\/media?parent=22529"}],"wp:term":[{"taxonomy":"product_brand","embeddable":true,"href":"https:\/\/ferrygut.com\/de\/wp-json\/wp\/v2\/product_brand?post=22529"},{"taxonomy":"product_cat","embeddable":true,"href":"https:\/\/ferrygut.com\/de\/wp-json\/wp\/v2\/product_cat?post=22529"},{"taxonomy":"product_tag","embeddable":true,"href":"https:\/\/ferrygut.com\/de\/wp-json\/wp\/v2\/product_tag?post=22529"},{"taxonomy":"brands","embeddable":true,"href":"https:\/\/ferrygut.com\/de\/wp-json\/wp\/v2\/brands?post=22529"},{"taxonomy":"channels","embeddable":true,"href":"https:\/\/ferrygut.com\/de\/wp-json\/wp\/v2\/channels?post=22529"}],"curies":[{"name":"wp","href":"https:\/\/api.w.org\/{rel}","templated":true}]}}