{"id":22240,"date":"2025-01-08T13:19:46","date_gmt":"2025-01-08T12:19:46","guid":{"rendered":"https:\/\/ferrygut.com\/product\/flextail-max-shower-campingdusche\/"},"modified":"2025-12-14T16:52:54","modified_gmt":"2025-12-14T15:52:54","slug":"flextail-max-shower-campingdusche","status":"publish","type":"product","link":"https:\/\/ferrygut.com\/de\/produkt\/flextail-max-shower-campingdusche\/","title":{"rendered":"Flextail &#8211; Max Shower &#8211; Campingdusche"},"content":{"rendered":"<p>Wolltest du schon immer eine Outdoor-Dusche f\u00fcr unterwegs? Mit der Max Shower wird dieser Traum wahr! Die Max Shower ist ein innovatives Produkt, mit dem du dich \u00fcberall duschen oder absp\u00fclen kannst, wo immer du bist. Bist du in der Natur und ein Bach flie\u00dft? Stell die Pumpe ins Wasser, damit sie das Wasser aufsaugt und dich dann absp\u00fclt.    <\/p>\n<h3><strong>Die Pluspunkte der Max Shower von Flextail:<\/strong><\/h3>\n<ul>\n<li>Bis zu 3 l pro Minute<\/li>\n<li>Leichtes und kompaktes Design<\/li>\n<li>Funktioniert bis zu 110 Minuten lang<\/li>\n<li>Wiederaufladbar mit dem mitgelieferten USB-C Kabel<\/li>\n<li>IPX7 wasserdicht<\/li>\n<\/ul>\n<h3>Einfache Installation und Bedienung<\/h3>\n<p>Die Max Shower ist in nur drei einfachen Schritten einsatzbereit. Verbinde die Wasserpumpe mit dem Wasserschlauch und dem Duschknopf. Dann tauchst du die Pumpe ins Wasser und schaltest den Ein\/Aus-Schalter ein. Nat\u00fcrlich musst du sicherstellen, dass die Pumpe aufgeladen ist. Ansonsten brauchst du kein Werkzeug oder \u00e4hnliches. Am Duschknopf befindet sich ein praktischer Haken, mit dem du ihn zum Beispiel an einen Haken an der Wand h\u00e4ngen kannst. Und auf dem Duschknopf selbst befindet sich ein Drehknopf, mit dem du den Wasserfluss der Max Shower ein- und ausschalten kannst.      <\/p>\n<h3>Kompakt und tragbar<\/h3>\n<p>Die Max Shower wird in einem praktischen Reiseetui geliefert. Diese ist praktisch zum Mitnehmen und dient gleichzeitig als Schutz f\u00fcr die Dusche. Mit einem Gesamtgewicht von 305 Gramm wirst du kaum merken, dass du mit einer tragbaren Dusche unterwegs bist! Damit ist die Max Shower ideal f\u00fcr Campingausfl\u00fcge, Strandtage oder lange Reisen, bei denen eine erfrischende Dusche ab und zu ganz nett ist.   <\/p>\n<h3>F\u00fcr den vielseitigen Einsatz<\/h3>\n<p>Die Max Shower ist mehr als nur eine Dusche. Du kannst mit ihr zum Beispiel dein Auto waschen, deine Haustiere nach einem schlammigen Spaziergang s\u00e4ubern, deinen Garten bew\u00e4ssern oder deine Beine und Arme nach einem Strandtag absp\u00fclen. Mit einer Akkulaufzeit von bis zu 110 Minuten bei einer vollen Ladung kannst du dich auf lang anhaltenden Komfort verlassen.  <\/p>\n<p>&nbsp;<\/p>\n","protected":false},"excerpt":{"rendered":"<p>Wolltest du schon immer eine Outdoor-Dusche f\u00fcr unterwegs? Mit der Max Shower wird dieser Traum wahr! Die Max Shower ist ein innovatives Produkt, mit dem du dich \u00fcberall duschen oder absp\u00fclen kannst, wo immer du bist. Bist du in der Natur und ein Bach flie\u00dft? Stell die Pumpe ins Wasser, damit sie das Wasser aufsaugt [&hellip;]<\/p>\n","protected":false},"featured_media":22152,"comment_status":"closed","ping_status":"closed","template":"","meta":{"_acf_changed":false,"_seopress_robots_primary_cat":"none","_seopress_titles_title":"Flextail - Camping Dusche - Max Shower - Portable Camping Dusche","_seopress_titles_desc":"","_seopress_robots_index":""},"product_brand":[],"product_cat":[4877],"product_tag":[],"brands":[5277],"channels":[],"class_list":{"0":"post-22240","1":"product","2":"type-product","3":"status-publish","4":"has-post-thumbnail","6":"product_cat-campingdusche","7":"brands-flextail","9":"first","10":"instock","11":"sale","12":"taxable","13":"shipping-taxable","14":"purchasable","15":"product-type-simple"},"acf":[],"weight_unit":"kg","dimension_unit":"cm","packaging_unit":"St\u00fccke","country_of_origin":"China","weee_germany":"DE97744419","website_url":"https:\/\/ferrygut.com\/","verkoper":"FerryGut.com","postcode":"5048CD","telefoonnummer":"+31850000735","_links":{"self":[{"href":"https:\/\/ferrygut.com\/de\/wp-json\/wp\/v2\/product\/22240","targetHints":{"allow":["GET"]}}],"collection":[{"href":"https:\/\/ferrygut.com\/de\/wp-json\/wp\/v2\/product"}],"about":[{"href":"https:\/\/ferrygut.com\/de\/wp-json\/wp\/v2\/types\/product"}],"replies":[{"embeddable":true,"href":"https:\/\/ferrygut.com\/de\/wp-json\/wp\/v2\/comments?post=22240"}],"wp:featuredmedia":[{"embeddable":true,"href":"https:\/\/ferrygut.com\/de\/wp-json\/wp\/v2\/media\/22152"}],"wp:attachment":[{"href":"https:\/\/ferrygut.com\/de\/wp-json\/wp\/v2\/media?parent=22240"}],"wp:term":[{"taxonomy":"product_brand","embeddable":true,"href":"https:\/\/ferrygut.com\/de\/wp-json\/wp\/v2\/product_brand?post=22240"},{"taxonomy":"product_cat","embeddable":true,"href":"https:\/\/ferrygut.com\/de\/wp-json\/wp\/v2\/product_cat?post=22240"},{"taxonomy":"product_tag","embeddable":true,"href":"https:\/\/ferrygut.com\/de\/wp-json\/wp\/v2\/product_tag?post=22240"},{"taxonomy":"brands","embeddable":true,"href":"https:\/\/ferrygut.com\/de\/wp-json\/wp\/v2\/brands?post=22240"},{"taxonomy":"channels","embeddable":true,"href":"https:\/\/ferrygut.com\/de\/wp-json\/wp\/v2\/channels?post=22240"}],"curies":[{"name":"wp","href":"https:\/\/api.w.org\/{rel}","templated":true}]}}