{"id":21300,"date":"2024-12-24T11:25:50","date_gmt":"2024-12-24T10:25:50","guid":{"rendered":"https:\/\/ferrygut.com\/product\/rolling-square-mini-dock-magsafe\/"},"modified":"2025-04-28T11:38:48","modified_gmt":"2025-04-28T09:38:48","slug":"rolling-square-mini-dock-magsafe","status":"publish","type":"product","link":"https:\/\/ferrygut.com\/de\/produkt\/rolling-square-mini-dock-magsafe\/","title":{"rendered":"Rolling Square Mini Dock &#8211; MagSafe"},"content":{"rendered":"<p>Die <strong>Modelle iPhone 16, iPhone 15, iPhone 14, iPhone 13, iPhone 12, Pro, Mini<\/strong> und <strong>Pro Max<\/strong> sind mit einem MagSafe-Lademechanismus ausgestattet. Dieser erm\u00f6glicht das schnelle kabellose Aufladen deines Telefons. Die magnetische H\u00fclle bedeutet auch, dass dein Telefon immer in der Mitte ist, aber wo stellst du dieses Ladeger\u00e4t hin oder wie kannst du es einfach benutzen? Rolling Square hat die Antwort. Den MagSafe Desk Stand und das MagSafe Mini Dock.    <\/p>\n<p>Zwei St\u00e4nder, die aus Walnuss- und Sapeliholz exklusiv f\u00fcr Apples MagSafe gefertigt wurden. Dadurch ist sie nicht nur robust und von guter Qualit\u00e4t, sondern sieht auch luxuri\u00f6s und stilvoll aus. Du kannst diese Dockingstation zum Aufladen deines iPhones oder als Aufbewahrungsort nutzen!  <\/p>\n<ul>\n<li>Ergonomisches Design<\/li>\n<li>Anti-Rutsch Unterseite<\/li>\n<li>Langlebiges Walnussholz<\/li>\n<li>N52 Magnete<\/li>\n<\/ul>\n<p><strong>*Hinweis: Dieses Zubeh\u00f6r enth\u00e4lt kein MagSafe-Ladeger\u00e4t.<\/strong><\/p>\n<h3>Mag sicher<\/h3>\n<p>Warum solltest du dich entscheiden m\u00fcssen, ob du deinen MagSafe fest an deinem Schreibtisch befestigen oder ihn lose hinlegen willst? Mit diesem MagSafe-St\u00e4nder aus Holz hast du das Beste aus beiden Welten. Nimm ihn mit, oder lass ihn liegen! An der Unterseite des St\u00e4nders befindet sich ein Klebestreifen, der ihn immer an seinem Platz h\u00e4lt. An der Unterseite des MagSafe-Ladeger\u00e4ts befinden sich au\u00dferdem Magnete. Willst du dein Handy benutzen und es gleichzeitig aufladen? Dann nimm das Handy senkrecht aus dem St\u00e4nder. Willst du dein Handy benutzen, ohne dass es aufgeladen bleibt? Dann schiebe das Handy ab und der MagSafe bleibt ordentlich an seinem Platz.       <\/p>\n<h3>Ideal f\u00fcr deinen Schreibtisch oder Nachttisch:<\/h3>\n<p>Das MagSafe Mini Dock ist ideal f\u00fcr deinen Schreibtisch oder Nachttisch. Dank der eingebauten Magnete und des Klebestreifens vibriert dein Telefon nicht auf deinem Schreibtisch oder Nachttisch, wenn du eine Nachricht oder ein Update erh\u00e4ltst. <\/p>\n<h4>Was ist in der Box?<\/h4>\n<ul>\n<li>MagSafe Mini Dock<\/li>\n<\/ul>\n<p><em><strong>*Hinweis: Dieses Zubeh\u00f6r enth\u00e4lt kein MagSafe-Ladeger\u00e4t.<\/strong><\/em><\/p>\n","protected":false},"excerpt":{"rendered":"<p>Die Modelle iPhone 16, iPhone 15, iPhone 14, iPhone 13, iPhone 12, Pro, Mini und Pro Max sind mit einem MagSafe-Lademechanismus ausgestattet. Dieser erm\u00f6glicht das schnelle kabellose Aufladen deines Telefons. Die magnetische H\u00fclle bedeutet auch, dass dein Telefon immer in der Mitte ist, aber wo stellst du dieses Ladeger\u00e4t hin oder wie kannst du es [&hellip;]<\/p>\n","protected":false},"featured_media":22247,"comment_status":"closed","ping_status":"closed","template":"","meta":{"_acf_changed":false,"_seopress_robots_primary_cat":"none","_seopress_titles_title":"Rolling Square MagSafe - Mini Dock - MagSafe f\u00fcr IPhone 16 bis iPhone 12","_seopress_titles_desc":"Halterung f\u00fcr deinen Magsafe, die du auf deinem Schreibtisch oder Nachttisch verwenden kannst. Geeignet f\u00fcr iPhone 16 bis iPhone 12. Jetzt bestellen und von der schnellen Lieferung profitieren  ","_seopress_robots_index":""},"product_brand":[],"product_cat":[2946,2932],"product_tag":[],"brands":[5265],"channels":[{"id":5319,"name":"Bol","slug":"bol-de"},{"id":5325,"name":"Decathlon","slug":"decathlon-de"},{"id":5313,"name":"Kaufland","slug":"kaufland-de"},{"id":5355,"name":"Obelink","slug":"obelink-de"}],"class_list":{"0":"post-21300","1":"product","2":"type-product","3":"status-publish","4":"has-post-thumbnail","6":"product_cat-produktivitat","7":"product_cat-tech","8":"brands-rolling-square","9":"channels-bol-de","10":"channels-decathlon-de","11":"channels-kaufland-de","12":"channels-obelink-de","14":"first","15":"instock","16":"taxable","17":"shipping-taxable","18":"purchasable","19":"product-type-simple"},"acf":[],"weight_unit":"kg","dimension_unit":"cm","packaging_unit":"St\u00fccke","country_of_origin":"China","weee_germany":"DE97744419","website_url":"https:\/\/ferrygut.com\/","verkoper":"FerryGut.com","postcode":"5048CD","telefoonnummer":"+31850000735","_links":{"self":[{"href":"https:\/\/ferrygut.com\/de\/wp-json\/wp\/v2\/product\/21300","targetHints":{"allow":["GET"]}}],"collection":[{"href":"https:\/\/ferrygut.com\/de\/wp-json\/wp\/v2\/product"}],"about":[{"href":"https:\/\/ferrygut.com\/de\/wp-json\/wp\/v2\/types\/product"}],"replies":[{"embeddable":true,"href":"https:\/\/ferrygut.com\/de\/wp-json\/wp\/v2\/comments?post=21300"}],"wp:featuredmedia":[{"embeddable":true,"href":"https:\/\/ferrygut.com\/de\/wp-json\/wp\/v2\/media\/22247"}],"wp:attachment":[{"href":"https:\/\/ferrygut.com\/de\/wp-json\/wp\/v2\/media?parent=21300"}],"wp:term":[{"taxonomy":"product_brand","embeddable":true,"href":"https:\/\/ferrygut.com\/de\/wp-json\/wp\/v2\/product_brand?post=21300"},{"taxonomy":"product_cat","embeddable":true,"href":"https:\/\/ferrygut.com\/de\/wp-json\/wp\/v2\/product_cat?post=21300"},{"taxonomy":"product_tag","embeddable":true,"href":"https:\/\/ferrygut.com\/de\/wp-json\/wp\/v2\/product_tag?post=21300"},{"taxonomy":"brands","embeddable":true,"href":"https:\/\/ferrygut.com\/de\/wp-json\/wp\/v2\/brands?post=21300"},{"taxonomy":"channels","embeddable":true,"href":"https:\/\/ferrygut.com\/de\/wp-json\/wp\/v2\/channels?post=21300"}],"curies":[{"name":"wp","href":"https:\/\/api.w.org\/{rel}","templated":true}]}}