{"id":19252,"date":"2024-10-16T17:00:28","date_gmt":"2024-10-16T15:00:28","guid":{"rendered":"https:\/\/ferrygut.com\/product\/luvego-vakuum-drehverschluss-2-stk\/"},"modified":"2025-04-15T12:40:58","modified_gmt":"2025-04-15T10:40:58","slug":"luvego-vakuum-drehverschluss-2-stk","status":"publish","type":"product","link":"https:\/\/ferrygut.com\/de\/produkt\/luvego-vakuum-drehverschluss-2-stk\/","title":{"rendered":"Luvego &#8211; Vakuum-Drehverschluss &#8211; 2 Stk."},"content":{"rendered":"<p>Diese praktischen Drehverschl\u00fcsse passen auf <strong>alle<\/strong> <a href=\"https:\/\/ferrygut.com\/de\/Produkt-Kategorie\/camping\/vakuumbeutel\/vakuum-aufbewahrungsbeutel\/\">Luvego-Vakuumbeutel<\/a> und sorgen f\u00fcr einen luftdichten Verschluss, damit deine Sachen optimal vor Staub, Feuchtigkeit und unangenehmen Ger\u00fcchen gesch\u00fctzt sind.<\/p>\n<h4>Benutze den Drehverschluss:<\/h4>\n<p>Benutze deinen Staubsauger, um die Luft aus dem Aufbewahrungsbeutel zu saugen. Der Deckel kann dann wieder auf den Aufbewahrungsbeutel geschraubt werden, um deine Kleidung sicher vor Staub zu sch\u00fctzen. So sparst du bis zu 75 % an Stauraum!  <\/p>\n<h4>Packungsinhalt:<\/h4>\n<p>Dieses Set enth\u00e4lt 2 St\u00fcck, ideal um mehrere Beutel gleichzeitig zu verschlie\u00dfen und deinen Stauraum zu maximieren.<\/p>\n<h4>Zur Verwendung mit:<\/h4>\n<p>Luvego-Drehverschl\u00fcsse k\u00f6nnen f\u00fcr alle <a href=\"https:\/\/ferrygut.com\/de\/Marke\/luvego-de\/\">Luvego-Lagers\u00e4cke<\/a> verwendet werden. Auf FerryGut bieten wir verschiedene Varianten an, wie zum Beispiel: <\/p>\n<ul>\n<li><a href=\"https:\/\/ferrygut.com\/de\/produkt\/luvego-2er-pack-staubsaugerbeutel\/\">2er-Pack<\/a><\/li>\n<li><a href=\"https:\/\/ferrygut.com\/de\/produkt\/luvego-6er-pack-staubsaugerbeutel\/\">6er-Pack<\/a><\/li>\n<li><a href=\"https:\/\/ferrygut.com\/de\/produkt\/luvego-8er-pack-staubsaugerbeutel\/\">8er-Pack<\/a><\/li>\n<li><a href=\"https:\/\/ferrygut.com\/de\/produkt\/luvego-10er-pack-staubsaugerbeutel\/\">10er-Pack<\/a><\/li>\n<li><a href=\"https:\/\/ferrygut.com\/de\/produkt\/luvego-13er-pack-staubsaugerbeutel\/\">13er-Pack<\/a><\/li>\n<li><a href=\"https:\/\/ferrygut.com\/de\/produkt\/luvego-22er-pack-staubsaugerbeutel\/\">22er-Pack<\/a><\/li>\n<\/ul>\n<p>Die Aufbewahrungsbeutel werden standardm\u00e4\u00dfig mit Drehverschl\u00fcssen geliefert. Du kannst diese Drehverschl\u00fcsse als zus\u00e4tzlichen Vorrat kaufen oder wenn du einen der Verschl\u00fcsse verloren hast! Au\u00dferdem ist es m\u00f6glich, die <a href=\"https:\/\/ferrygut.com\/de\/produkt\/luvego-vakuum-handpumpe-geeignet-fuer-luvego-vakuumierbeutel\/\">Handpumpe<\/a> f\u00fcr die Aufbewahrungsbeutel separat zu kaufen!  <\/p>\n<p>Schaffe Platz in deinem Zuhause und bewahre deine Kleidung, dein Bettzeug oder deine Gartenkissen kompakt und gesch\u00fctzt auf &#8211; mit den Luvego Vacuum Swivel Caps!<\/p>\n","protected":false},"excerpt":{"rendered":"<p>Diese praktischen Drehverschl\u00fcsse passen auf alle Luvego-Vakuumbeutel und sorgen f\u00fcr einen luftdichten Verschluss, damit deine Sachen optimal vor Staub, Feuchtigkeit und unangenehmen Ger\u00fcchen gesch\u00fctzt sind. Benutze den Drehverschluss: Benutze deinen Staubsauger, um die Luft aus dem Aufbewahrungsbeutel zu saugen. Der Deckel kann dann wieder auf den Aufbewahrungsbeutel geschraubt werden, um deine Kleidung sicher vor Staub [&hellip;]<\/p>\n","protected":false},"featured_media":19198,"comment_status":"closed","ping_status":"closed","template":"","meta":{"_acf_changed":false,"_seopress_robots_primary_cat":"none","_seopress_titles_title":"Luvego | Vakuum-Drehverschl\u00fcsse | 2 St\u00fcck | Exklusiv f\u00fcr Luvego Aufbewahrungsbeutel ","_seopress_titles_desc":"Spare Platz und sch\u00fctze deine Kleidung und Gartenkissen mit den Luvego Vacuum Rotary Caps (2er-Set). Sie sind f\u00fcr alle Luvego-Vakuumbeutel geeignet und einfach zu verwenden. Perfekt f\u00fcr die optimale Aufbewahrung!  ","_seopress_robots_index":""},"product_brand":[],"product_cat":[2904,2949,2915],"product_tag":[],"brands":[5271],"channels":[],"class_list":{"0":"post-19252","1":"product","2":"type-product","3":"status-publish","4":"has-post-thumbnail","6":"product_cat-camping","7":"product_cat-vakuum-aufbewahrungsbeutel","8":"product_cat-vakuumbeutel","9":"brands-luvego","11":"first","12":"instock","13":"taxable","14":"shipping-taxable","15":"purchasable","16":"product-type-simple"},"acf":[],"weight_unit":"kg","dimension_unit":"cm","packaging_unit":"St\u00fccke","country_of_origin":"China","weee_germany":"DE97744419","website_url":"https:\/\/ferrygut.com\/","verkoper":"FerryGut.com","postcode":"5048CD","telefoonnummer":"+31850000735","_links":{"self":[{"href":"https:\/\/ferrygut.com\/de\/wp-json\/wp\/v2\/product\/19252","targetHints":{"allow":["GET"]}}],"collection":[{"href":"https:\/\/ferrygut.com\/de\/wp-json\/wp\/v2\/product"}],"about":[{"href":"https:\/\/ferrygut.com\/de\/wp-json\/wp\/v2\/types\/product"}],"replies":[{"embeddable":true,"href":"https:\/\/ferrygut.com\/de\/wp-json\/wp\/v2\/comments?post=19252"}],"wp:featuredmedia":[{"embeddable":true,"href":"https:\/\/ferrygut.com\/de\/wp-json\/wp\/v2\/media\/19198"}],"wp:attachment":[{"href":"https:\/\/ferrygut.com\/de\/wp-json\/wp\/v2\/media?parent=19252"}],"wp:term":[{"taxonomy":"product_brand","embeddable":true,"href":"https:\/\/ferrygut.com\/de\/wp-json\/wp\/v2\/product_brand?post=19252"},{"taxonomy":"product_cat","embeddable":true,"href":"https:\/\/ferrygut.com\/de\/wp-json\/wp\/v2\/product_cat?post=19252"},{"taxonomy":"product_tag","embeddable":true,"href":"https:\/\/ferrygut.com\/de\/wp-json\/wp\/v2\/product_tag?post=19252"},{"taxonomy":"brands","embeddable":true,"href":"https:\/\/ferrygut.com\/de\/wp-json\/wp\/v2\/brands?post=19252"},{"taxonomy":"channels","embeddable":true,"href":"https:\/\/ferrygut.com\/de\/wp-json\/wp\/v2\/channels?post=19252"}],"curies":[{"name":"wp","href":"https:\/\/api.w.org\/{rel}","templated":true}]}}