{"id":18844,"date":"2024-10-08T10:13:39","date_gmt":"2024-10-08T08:13:39","guid":{"rendered":"https:\/\/ferrygut.com\/product\/luvego-vakuum-handpumpe-geeignet-fuer-luvego-vakuumierbeutel\/"},"modified":"2025-04-15T12:42:01","modified_gmt":"2025-04-15T10:42:01","slug":"luvego-vakuum-handpumpe-geeignet-fuer-luvego-vakuumierbeutel","status":"publish","type":"product","link":"https:\/\/ferrygut.com\/de\/produkt\/luvego-vakuum-handpumpe-geeignet-fuer-luvego-vakuumierbeutel\/","title":{"rendered":"Luvego &#8211; Vakuum-Handpumpe &#8211; Geeignet f\u00fcr Luvego-Vakuumierbeutel"},"content":{"rendered":"<p>Das ist die Luvego Vakuum-Handpumpe in Blau, die ideale Pumpe zum m\u00fchelosen Vakuumieren deiner <a href=\"https:\/\/ferrygut.com\/de\/Produkt-Kategorie\/camping\/vakuumbeutel\/vakuum-aufbewahrungsbeutel\/\">Aufbewahrungsbeutel<\/a>. Diese Handpumpe wurde speziell entwickelt, um Vakuumbeutel, wie die der Marke <a href=\"https:\/\/ferrygut.com\/de\/Marke\/luvego-de\/\">Luvego<\/a>, schnell und effizient luftdicht zu machen. Sie ist eine praktische L\u00f6sung, um Platz zu sparen und Ordnung zu halten.  <\/p>\n<h4>Vorteile der Handpumpe:<\/h4>\n<ul>\n<li><strong>Einfach zu bedienen:<\/strong> Der bequeme Griff und die sanfte Pumpbewegung sorgen f\u00fcr m\u00fcheloses Saugen.<\/li>\n<li><strong>Kompakt und tragbar:<\/strong> Ideal f\u00fcr zu Hause oder zum Mitnehmen auf Reisen.<\/li>\n<\/ul>\n<h4>Geeignet f\u00fcr Luvego Vakuumbeutel<\/h4>\n<p>Bei FerryGut verkaufen wir unter der Kategorie <a href=\"https:\/\/ferrygut.com\/de\/Produkt-Kategorie\/haushalt\/\">Haushaltsaufbewahrungsbeutel<\/a> in verschiedenen Gr\u00f6\u00dfen. Wir bieten Vakuumbeutel der Marke Flextail und unserer eigenen Marke Luvego an. Unsere Bestseller sind die <a href=\"https:\/\/ferrygut.com\/de\/produkt\/luvego-13er-pack-staubsaugerbeutel\/\">13er-<\/a> und <a href=\"https:\/\/ferrygut.com\/de\/produkt\/luvego-22er-pack-staubsaugerbeutel\/\">22er-Packung<\/a> Vakuumbeutel. Diese Vakuumbeutel sind ideal f\u00fcr die Aufbewahrung von Kleidung, Kissen und Decken in deinem Kleiderschrank. Die Beutel f\u00fcr Kleidung und Kissen halten Staub und unangenehme Ger\u00fcche fern und sorgen f\u00fcr ein aufger\u00e4umtes Zuhause. Die Handpumpe macht das Vakuumieren dieser Beutel ganz einfach!     <\/p>\n<h5>Abmessungen:<\/h5>\n<ul>\n<li>L\u00e4nge: 23 cm<\/li>\n<li>Breite: 5cm<\/li>\n<\/ul>\n<p>Entdecke die Vorteile von organisiertem Raum mit unseren <a href=\"https:\/\/ferrygut.com\/de\/Produkt-Kategorie\/camping\/vakuumbeutel\/\">Vakuumbeuteln<\/a> und der Luvego-Vakuumpumpe!<\/p>\n","protected":false},"excerpt":{"rendered":"<p>Das ist die Luvego Vakuum-Handpumpe in Blau, die ideale Pumpe zum m\u00fchelosen Vakuumieren deiner Aufbewahrungsbeutel. Diese Handpumpe wurde speziell entwickelt, um Vakuumbeutel, wie die der Marke Luvego, schnell und effizient luftdicht zu machen. Sie ist eine praktische L\u00f6sung, um Platz zu sparen und Ordnung zu halten. Vorteile der Handpumpe: Einfach zu bedienen: Der bequeme Griff [&hellip;]<\/p>\n","protected":false},"featured_media":18669,"comment_status":"closed","ping_status":"closed","template":"","meta":{"_acf_changed":false,"_seopress_robots_primary_cat":"none","_seopress_titles_title":"Vakuum-Handpumpe - Geeignet f\u00fcr Luvego-Vakuumierbeutel","_seopress_titles_desc":"Verbessere deinen Stauraum mit der Luvego Vakuum-Handpumpe und erlebe die Freiheit des organisierten Raums. Bestelle noch heute auf FerryGut.com! ","_seopress_robots_index":""},"product_brand":[],"product_cat":[2949,2915],"product_tag":[],"brands":[5271],"channels":[],"class_list":{"0":"post-18844","1":"product","2":"type-product","3":"status-publish","4":"has-post-thumbnail","6":"product_cat-vakuum-aufbewahrungsbeutel","7":"product_cat-vakuumbeutel","8":"brands-luvego","10":"first","11":"outofstock","12":"taxable","13":"shipping-taxable","14":"purchasable","15":"product-type-simple"},"acf":[],"weight_unit":"kg","dimension_unit":"cm","packaging_unit":"St\u00fccke","country_of_origin":"China","weee_germany":"DE97744419","website_url":"https:\/\/ferrygut.com\/","verkoper":"FerryGut.com","postcode":"5048CD","telefoonnummer":"+31850000735","_links":{"self":[{"href":"https:\/\/ferrygut.com\/de\/wp-json\/wp\/v2\/product\/18844","targetHints":{"allow":["GET"]}}],"collection":[{"href":"https:\/\/ferrygut.com\/de\/wp-json\/wp\/v2\/product"}],"about":[{"href":"https:\/\/ferrygut.com\/de\/wp-json\/wp\/v2\/types\/product"}],"replies":[{"embeddable":true,"href":"https:\/\/ferrygut.com\/de\/wp-json\/wp\/v2\/comments?post=18844"}],"wp:featuredmedia":[{"embeddable":true,"href":"https:\/\/ferrygut.com\/de\/wp-json\/wp\/v2\/media\/18669"}],"wp:attachment":[{"href":"https:\/\/ferrygut.com\/de\/wp-json\/wp\/v2\/media?parent=18844"}],"wp:term":[{"taxonomy":"product_brand","embeddable":true,"href":"https:\/\/ferrygut.com\/de\/wp-json\/wp\/v2\/product_brand?post=18844"},{"taxonomy":"product_cat","embeddable":true,"href":"https:\/\/ferrygut.com\/de\/wp-json\/wp\/v2\/product_cat?post=18844"},{"taxonomy":"product_tag","embeddable":true,"href":"https:\/\/ferrygut.com\/de\/wp-json\/wp\/v2\/product_tag?post=18844"},{"taxonomy":"brands","embeddable":true,"href":"https:\/\/ferrygut.com\/de\/wp-json\/wp\/v2\/brands?post=18844"},{"taxonomy":"channels","embeddable":true,"href":"https:\/\/ferrygut.com\/de\/wp-json\/wp\/v2\/channels?post=18844"}],"curies":[{"name":"wp","href":"https:\/\/api.w.org\/{rel}","templated":true}]}}