{"id":17406,"date":"2024-09-18T15:33:56","date_gmt":"2024-09-18T13:33:56","guid":{"rendered":"https:\/\/ferrygut.com\/product\/geuther-maya-holztreppe-taupe\/"},"modified":"2025-04-29T09:32:50","modified_gmt":"2025-04-29T07:32:50","slug":"geuther-maya-holztreppe-taupe","status":"publish","type":"product","link":"https:\/\/ferrygut.com\/de\/produkt\/geuther-maya-holztreppe-taupe\/","title":{"rendered":"Geuther &#8211; Maya &#8211; Holztreppe &#8211; Taupe &#8211; Von 63,5 bis 105,5cm"},"content":{"rendered":"<p><span style=\"font-size: 14px;\">Mit dem Geuther Maya Holztreppengitter sorgst du f\u00fcr eine sichere Umgebung f\u00fcr deine Kleinen, ohne den Stil deiner Einrichtung zu beeintr\u00e4chtigen. Dieses schwarze Holztreppengitter ist nicht nur funktional, sondern verleiht deinem Zuhause auch einen stilvollen Touch. <\/span><\/p>\n<h4>Wichtige Merkmale:<\/h4>\n<ul>\n<li><strong>Sichere Barriere:<\/strong> Das Geuther Maya Holztreppengitter bietet eine sichere Barriere zwischen verschiedenen R\u00e4umen im Haus.<\/li>\n<li><strong>Einstellbar:<\/strong> Geeignet f\u00fcr \u00d6ffnungen von 63,5 cm bis 105,5 cm Breite.<\/li>\n<li><strong>Einfache Installation:<\/strong> Das Treppentor l\u00e4sst sich dank des Schraubtorsystems einfach und ohne Bohren installieren.<\/li>\n<li><strong>Robuste Konstruktion:<\/strong> Hergestellt aus hochwertigem Holz f\u00fcr maximale Stabilit\u00e4t und Haltbarkeit.<\/li>\n<li><strong>Sicheres Verschlusssystem:<\/strong> Ausgestattet mit einem sicheren Verschlusssystem, das nur von Erwachsenen ge\u00f6ffnet werden kann.<\/li>\n<li><strong>Sicherheit und Seelenfrieden f\u00fcr Eltern<\/strong><\/li>\n<\/ul>\n<p>Mit dem Geuther Maya Holztreppengitter kannst du dein Kind unbesorgt spielen lassen, denn es ist sicher. Das Treppengitter ist einfach zu montieren und passt in eine Vielzahl von \u00d6ffnungen im Haus. Das sichere Verschlusssystem sorgt daf\u00fcr, dass nur Erwachsene das Tor \u00f6ffnen k\u00f6nnen.  <\/p>\n<h4>Packungsinhalt:<\/h4>\n<ul>\n<li>1x Geuther Maya Holztreppe<\/li>\n<li>Montagematerial<\/li>\n<li>Handbuch<\/li>\n<\/ul>\n<h4>Abmessungen:<\/h4>\n<ul>\n<li>Geeignet f\u00fcr \u00d6ffnungen von 63,5 cm bis 105,5 cm Breite<\/li>\n<\/ul>\n<h4>\u00dcber Geuther<\/h4>\n<p>Mit mehr als 130 Jahren kann Geuther als der Spezialist f\u00fcr Kinder- und Babym\u00f6bel bezeichnet werden. Geuther-Produkte sind richtungsweisend und f\u00fcr ihre au\u00dfergew\u00f6hnliche Qualit\u00e4t bekannt. Die Produkte von Geuther werden aus den besten Materialien hergestellt, um eine hervorragende Qualit\u00e4t mit einem sch\u00f6nen, modernen Design zu gew\u00e4hrleisten, das auch die neuesten Sicherheitsstandards erf\u00fcllt.  <\/p>\n<p>Schaffe eine sichere Umgebung f\u00fcr dein Kind mit dem Geuther Maya Holztreppenhaus!<\/p>\n","protected":false},"excerpt":{"rendered":"<p>Mit dem Geuther Maya Holztreppengitter sorgst du f\u00fcr eine sichere Umgebung f\u00fcr deine Kleinen, ohne den Stil deiner Einrichtung zu beeintr\u00e4chtigen. Dieses schwarze Holztreppengitter ist nicht nur funktional, sondern verleiht deinem Zuhause auch einen stilvollen Touch. Wichtige Merkmale: Sichere Barriere: Das Geuther Maya Holztreppengitter bietet eine sichere Barriere zwischen verschiedenen R\u00e4umen im Haus. Einstellbar: Geeignet [&hellip;]<\/p>\n","protected":false},"featured_media":17089,"comment_status":"closed","ping_status":"closed","template":"","meta":{"_acf_changed":false,"_seopress_robots_primary_cat":"none","_seopress_titles_title":"Geuther | Sicherheitstor | Maya | Ausziehbares Treppentor | Taupe | FerryGut","_seopress_titles_desc":"Sicherheit und Stil f\u00fcr deine Kleinen mit dem ausziehbaren Geuther Maya Holztreppengitter. Vor 22:00 Uhr bestellt, morgen geliefert! ","_seopress_robots_index":""},"product_brand":[],"product_cat":[2899,2911],"product_tag":[],"brands":[5307],"channels":[],"class_list":{"0":"post-17406","1":"product","2":"type-product","3":"status-publish","4":"has-post-thumbnail","6":"product_cat-sicherheit","7":"product_cat-treppengitter","8":"brands-geuther","10":"first","11":"outofstock","12":"taxable","13":"shipping-taxable","14":"purchasable","15":"product-type-simple"},"acf":[],"weight_unit":"kg","dimension_unit":"cm","packaging_unit":"St\u00fccke","country_of_origin":"China","weee_germany":"DE97744419","website_url":"https:\/\/ferrygut.com\/","verkoper":"FerryGut.com","postcode":"5048CD","telefoonnummer":"+31850000735","_links":{"self":[{"href":"https:\/\/ferrygut.com\/de\/wp-json\/wp\/v2\/product\/17406","targetHints":{"allow":["GET"]}}],"collection":[{"href":"https:\/\/ferrygut.com\/de\/wp-json\/wp\/v2\/product"}],"about":[{"href":"https:\/\/ferrygut.com\/de\/wp-json\/wp\/v2\/types\/product"}],"replies":[{"embeddable":true,"href":"https:\/\/ferrygut.com\/de\/wp-json\/wp\/v2\/comments?post=17406"}],"wp:featuredmedia":[{"embeddable":true,"href":"https:\/\/ferrygut.com\/de\/wp-json\/wp\/v2\/media\/17089"}],"wp:attachment":[{"href":"https:\/\/ferrygut.com\/de\/wp-json\/wp\/v2\/media?parent=17406"}],"wp:term":[{"taxonomy":"product_brand","embeddable":true,"href":"https:\/\/ferrygut.com\/de\/wp-json\/wp\/v2\/product_brand?post=17406"},{"taxonomy":"product_cat","embeddable":true,"href":"https:\/\/ferrygut.com\/de\/wp-json\/wp\/v2\/product_cat?post=17406"},{"taxonomy":"product_tag","embeddable":true,"href":"https:\/\/ferrygut.com\/de\/wp-json\/wp\/v2\/product_tag?post=17406"},{"taxonomy":"brands","embeddable":true,"href":"https:\/\/ferrygut.com\/de\/wp-json\/wp\/v2\/brands?post=17406"},{"taxonomy":"channels","embeddable":true,"href":"https:\/\/ferrygut.com\/de\/wp-json\/wp\/v2\/channels?post=17406"}],"curies":[{"name":"wp","href":"https:\/\/api.w.org\/{rel}","templated":true}]}}