{"id":17405,"date":"2024-09-18T16:59:35","date_gmt":"2024-09-18T14:59:35","guid":{"rendered":"https:\/\/ferrygut.com\/product\/geuther-lara-metall-treppengitter-sicherheitsgitter-mit-wandbefestigung-weiss\/"},"modified":"2025-04-29T09:35:15","modified_gmt":"2025-04-29T07:35:15","slug":"geuther-lara-metall-treppengitter-sicherheitsgitter-mit-wandbefestigung-weiss","status":"publish","type":"product","link":"https:\/\/ferrygut.com\/de\/produkt\/geuther-lara-metall-treppengitter-sicherheitsgitter-mit-wandbefestigung-weiss\/","title":{"rendered":"Geuther &#8211; Lara &#8211; Metall &#8211; Treppengitter &#8211; Sicherheitsgitter mit Wandbefestigung &#8211; Wei\u00df"},"content":{"rendered":"<p><span style=\"font-size: 14px;\">Mit dem Geuther Lara Metall-Treppengitter sorgst du f\u00fcr eine sichere Umgebung f\u00fcr dein Kleines. Dieses wei\u00dfe Treppengitter ist einfach zu installieren und passt in \u00d6ffnungen von 60 cm bis 107 cm Breite. So kannst du sicherstellen, dass dein Kind sicher spielen kann, ohne sich um Gefahren im Haus sorgen zu m\u00fcssen.  <\/span><\/p>\n<h4>Wichtige Merkmale:<\/h4>\n<ul>\n<li><strong>Sichere Barriere:<\/strong> Das Geuther Lara Metall-Treppengitter bietet eine sichere Barriere zwischen verschiedenen R\u00e4umen im Haus.<\/li>\n<li><strong>Einstellbar:<\/strong> Geeignet f\u00fcr \u00d6ffnungen von 60 cm bis 107 cm Breite.<\/li>\n<li><strong>Einfache Installation:<\/strong> Das Treppentor l\u00e4sst sich dank des Schraubtorsystems einfach und ohne Bohren installieren.<\/li>\n<li><strong>Robuste Konstruktion:<\/strong> Hergestellt aus hochwertigem Metall f\u00fcr maximale Stabilit\u00e4t und Haltbarkeit.<\/li>\n<li><strong>Sicheres Verschlusssystem:<\/strong> Ausgestattet mit einem sicheren Verschlusssystem, das nur von Erwachsenen ge\u00f6ffnet werden kann.<\/li>\n<\/ul>\n<h4>Sicherheit und Seelenfrieden f\u00fcr Eltern<\/h4>\n<p>Mit dem Geuther Lara Metall-Treppengitter kannst du dein Kind beruhigt spielen lassen, weil du wei\u00dft, dass es sicher ist. Das Treppengitter ist einfach zu installieren und passt in eine Vielzahl von \u00d6ffnungen im Haus. Das sichere Verschlusssystem sorgt daf\u00fcr, dass nur Erwachsene das Tor \u00f6ffnen k\u00f6nnen.  <\/p>\n<h4>Packungsinhalt:<\/h4>\n<ul>\n<li>1x Geuther Lara Metall-Treppengitter<\/li>\n<li>Montagematerial<\/li>\n<li>Handbuch<\/li>\n<\/ul>\n<h4>Abmessungen:<\/h4>\n<p>Abmessungen: Geeignet f\u00fcr \u00d6ffnungen von 60 cm bis 107 cm Breite<\/p>\n<h4>\u00dcber Geuther<\/h4>\n<p>Mit mehr als 130 Jahren kann Geuther als der Spezialist f\u00fcr Kinder- und Babym\u00f6bel bezeichnet werden. Geuther-Produkte sind richtungsweisend und f\u00fcr ihre au\u00dfergew\u00f6hnliche Qualit\u00e4t bekannt. Die Produkte von Geuther werden aus den besten Materialien hergestellt, um eine hervorragende Qualit\u00e4t mit einem sch\u00f6nen, modernen Design zu gew\u00e4hrleisten, das auch die neuesten Sicherheitsstandards erf\u00fcllt.  <\/p>\n<p>Sorge mit dem Geuther Lara Metall-Treppengitter f\u00fcr eine sichere Umgebung f\u00fcr dein Kind!<\/p>\n","protected":false},"excerpt":{"rendered":"<p>Mit dem Geuther Lara Metall-Treppengitter sorgst du f\u00fcr eine sichere Umgebung f\u00fcr dein Kleines. Dieses wei\u00dfe Treppengitter ist einfach zu installieren und passt in \u00d6ffnungen von 60 cm bis 107 cm Breite. So kannst du sicherstellen, dass dein Kind sicher spielen kann, ohne sich um Gefahren im Haus sorgen zu m\u00fcssen. Wichtige Merkmale: Sichere Barriere: [&hellip;]<\/p>\n","protected":false},"featured_media":17114,"comment_status":"closed","ping_status":"closed","template":"","meta":{"_acf_changed":false,"_seopress_robots_primary_cat":"none","_seopress_titles_title":"Geuther | Lara - Schwarz | Metall-Treppengitter | Ausziehbares Treppengitter | 60 bis 107cm | Sicherheitstor mit Wandhalterung","_seopress_titles_desc":"Das Geuther Treppenschutzgitter bei FerryGut.com zum Schutz deiner Kleinen. Ein an der Wand montiertes Sicherheitstor, das sich bis zu 107 cm ausfahren l\u00e4sst.  Bestelle jetzt und profitiere von einer schnellen Lieferung.","_seopress_robots_index":""},"product_brand":[],"product_cat":[2899,2911],"product_tag":[],"brands":[5307],"channels":[],"class_list":{"0":"post-17405","1":"product","2":"type-product","3":"status-publish","4":"has-post-thumbnail","6":"product_cat-sicherheit","7":"product_cat-treppengitter","8":"brands-geuther","10":"first","11":"outofstock","12":"sale","13":"taxable","14":"shipping-taxable","15":"purchasable","16":"product-type-simple"},"acf":[],"weight_unit":"kg","dimension_unit":"cm","packaging_unit":"St\u00fccke","country_of_origin":"China","weee_germany":"DE97744419","website_url":"https:\/\/ferrygut.com\/","verkoper":"FerryGut.com","postcode":"5048CD","telefoonnummer":"+31850000735","_links":{"self":[{"href":"https:\/\/ferrygut.com\/de\/wp-json\/wp\/v2\/product\/17405","targetHints":{"allow":["GET"]}}],"collection":[{"href":"https:\/\/ferrygut.com\/de\/wp-json\/wp\/v2\/product"}],"about":[{"href":"https:\/\/ferrygut.com\/de\/wp-json\/wp\/v2\/types\/product"}],"replies":[{"embeddable":true,"href":"https:\/\/ferrygut.com\/de\/wp-json\/wp\/v2\/comments?post=17405"}],"wp:featuredmedia":[{"embeddable":true,"href":"https:\/\/ferrygut.com\/de\/wp-json\/wp\/v2\/media\/17114"}],"wp:attachment":[{"href":"https:\/\/ferrygut.com\/de\/wp-json\/wp\/v2\/media?parent=17405"}],"wp:term":[{"taxonomy":"product_brand","embeddable":true,"href":"https:\/\/ferrygut.com\/de\/wp-json\/wp\/v2\/product_brand?post=17405"},{"taxonomy":"product_cat","embeddable":true,"href":"https:\/\/ferrygut.com\/de\/wp-json\/wp\/v2\/product_cat?post=17405"},{"taxonomy":"product_tag","embeddable":true,"href":"https:\/\/ferrygut.com\/de\/wp-json\/wp\/v2\/product_tag?post=17405"},{"taxonomy":"brands","embeddable":true,"href":"https:\/\/ferrygut.com\/de\/wp-json\/wp\/v2\/brands?post=17405"},{"taxonomy":"channels","embeddable":true,"href":"https:\/\/ferrygut.com\/de\/wp-json\/wp\/v2\/channels?post=17405"}],"curies":[{"name":"wp","href":"https:\/\/api.w.org\/{rel}","templated":true}]}}