{"id":15619,"date":"2024-09-05T16:04:55","date_gmt":"2024-09-05T14:04:55","guid":{"rendered":"https:\/\/ferrygut.com\/product\/flextail-mosquito-repeller-pads-moskitoabwehrmatte-10-stueck\/"},"modified":"2026-02-12T13:17:30","modified_gmt":"2026-02-12T12:17:30","slug":"flextail-mosquito-repeller-pads-moskitoabwehrmatte-10-stueck","status":"publish","type":"product","link":"https:\/\/ferrygut.com\/de\/produkt\/flextail-mosquito-repeller-pads-moskitoabwehrmatte-10-stueck\/","title":{"rendered":"Flextail &#8211; Repeller Pads &#8211; Regular &#8211; M\u00fcckenabwehrmatten &#8211; 10 St\u00fcck."},"content":{"rendered":"<ul>\n<li>Funktioniert mit dem Light Repeller, Tiny Repel S, Max Repel S und Evo Repel von Flextail<\/li>\n<li>5 mg Prallethrin und 5 mg Meperfluthrin<\/li>\n<\/ul>\n<h4>Wie funktioniert das?<\/h4>\n<p>Lege m\u00fcckenabweisende Pads in den M\u00fcckenschutz. Diese enthalten m\u00fcckenabweisende Substanzen, \u00e4hnlich wie das, was du einreiben kannst. Der Vorteil der M\u00fcckenschutzmittel von Flextail ist, dass du nichts auftragen musst, sondern eine m\u00fcckenfreie Zone um dich herum schaffst.  <\/p>\n<p>Sobald du die Matten eingelegt hast, kannst du den M\u00fcckenschutz einschalten. Der M\u00fcckenschutz erhitzt die M\u00fcckenschutzmatten und setzt die Substanzen frei, die die M\u00fccken abwehren. <\/p>\n<h4>Was ist in der Box?<\/h4>\n<ul>\n<li>10er-Pack Pads<\/li>\n<\/ul>\n","protected":false},"excerpt":{"rendered":"<p>Funktioniert mit dem Light Repeller, Tiny Repel S, Max Repel S und Evo Repel von Flextail 5 mg Prallethrin und 5 mg Meperfluthrin Wie funktioniert das? Lege m\u00fcckenabweisende Pads in den M\u00fcckenschutz. Diese enthalten m\u00fcckenabweisende Substanzen, \u00e4hnlich wie das, was du einreiben kannst. Der Vorteil der M\u00fcckenschutzmittel von Flextail ist, dass du nichts auftragen musst, [&hellip;]<\/p>\n","protected":false},"featured_media":15145,"comment_status":"closed","ping_status":"closed","template":"","meta":{"_acf_changed":false,"_seopress_robots_primary_cat":"none","_seopress_titles_title":"Flextail - Repeller Pads - M\u00fcckenabwehrmatte - 10 St\u00fcck.","_seopress_titles_desc":"Pads f\u00fcr Flextail's Tiny Repel S und Max Repel S. Wette jetzt bei FerryGut und w\u00e4hle deinen eigenen Lieferservice. ","_seopress_robots_index":""},"product_brand":[],"product_cat":[2901,3973],"product_tag":[],"brands":[5277],"channels":[],"class_list":{"0":"post-15619","1":"product","2":"type-product","3":"status-publish","4":"has-post-thumbnail","6":"product_cat-keine-kategorie","7":"product_cat-moskitoschutzmittel","8":"brands-flextail","10":"first","11":"instock","12":"sale","13":"taxable","14":"shipping-taxable","15":"purchasable","16":"product-type-simple"},"acf":[],"weight_unit":"kg","dimension_unit":"cm","packaging_unit":"St\u00fccke","country_of_origin":"China","weee_germany":"DE97744419","website_url":"https:\/\/ferrygut.com\/","verkoper":"FerryGut.com","postcode":"5048CD","telefoonnummer":"+31850000735","_links":{"self":[{"href":"https:\/\/ferrygut.com\/de\/wp-json\/wp\/v2\/product\/15619","targetHints":{"allow":["GET"]}}],"collection":[{"href":"https:\/\/ferrygut.com\/de\/wp-json\/wp\/v2\/product"}],"about":[{"href":"https:\/\/ferrygut.com\/de\/wp-json\/wp\/v2\/types\/product"}],"replies":[{"embeddable":true,"href":"https:\/\/ferrygut.com\/de\/wp-json\/wp\/v2\/comments?post=15619"}],"wp:featuredmedia":[{"embeddable":true,"href":"https:\/\/ferrygut.com\/de\/wp-json\/wp\/v2\/media\/15145"}],"wp:attachment":[{"href":"https:\/\/ferrygut.com\/de\/wp-json\/wp\/v2\/media?parent=15619"}],"wp:term":[{"taxonomy":"product_brand","embeddable":true,"href":"https:\/\/ferrygut.com\/de\/wp-json\/wp\/v2\/product_brand?post=15619"},{"taxonomy":"product_cat","embeddable":true,"href":"https:\/\/ferrygut.com\/de\/wp-json\/wp\/v2\/product_cat?post=15619"},{"taxonomy":"product_tag","embeddable":true,"href":"https:\/\/ferrygut.com\/de\/wp-json\/wp\/v2\/product_tag?post=15619"},{"taxonomy":"brands","embeddable":true,"href":"https:\/\/ferrygut.com\/de\/wp-json\/wp\/v2\/brands?post=15619"},{"taxonomy":"channels","embeddable":true,"href":"https:\/\/ferrygut.com\/de\/wp-json\/wp\/v2\/channels?post=15619"}],"curies":[{"name":"wp","href":"https:\/\/api.w.org\/{rel}","templated":true}]}}