{"id":47068,"date":"2025-05-01T10:38:49","date_gmt":"2025-05-01T08:38:49","guid":{"rendered":"https:\/\/ferrygut.com\/?page_id=47068"},"modified":"2025-05-01T12:45:09","modified_gmt":"2025-05-01T10:45:09","slug":"impressum","status":"publish","type":"page","link":"https:\/\/ferrygut.com\/de\/impressum\/","title":{"rendered":"Impressum"},"content":{"rendered":"\n\n   <section id=\"block-hero-block_5db438e47f2f23543bca4a7ab1629991\" class=\"block-hero-page p-0 m-0 reset-inner z-0\" class=\"align wp-block-acf-hero\">\n      \n      \n<div id=\"47068\" class=\"relative py-4 pt-4 mt-0 sm:pt-6 md:pt-8\">\n   <div class=\"absolute top-0 left-0 w-full h-4\/5 bg-purple-light\"><\/div>\n   <div class=\"container relative z-10\">\n      <div class=\"flex flex-col sm:gap-2 md:gap-4\">\n         <span class=\"hidden md:block\" id=\"breadcrumbs\">\n            <nav  aria-label=\"Brotkrumen\"><ol class=\"breadcrumb\" itemscope itemtype=\"https:\/\/schema.org\/BreadcrumbList\"><li class=\"breadcrumb-item active\" aria-current=\"page\" itemprop=\"itemListElement\" itemscope itemtype=\"https:\/\/schema.org\/ListItem\"><span itemprop=\"name\">Zuhause<\/span><meta itemprop=\"position\" content=\"1\"><\/li><\/ol><\/nav>         <\/span>\n         <div class=\"grid overflow-hidden border-2 rounded-lg md:grid-cols-2 border-purple-light\">\n\n            <div class=\"flex flex-col justify-center order-2 p-6 bg-white md:p-8 lg:p-12 md:order-1\">\n               <h1 class=\"w-full mx-auto mb-0 h2\">Impressum<\/h1>               <div class=\"w-full mx-auto text-purple\">\n                  <div class=\"acf-innerblocks-container\"><\/div>\n               <\/div>\n            <\/div>\n\n                           <img decoding=\"async\" src=\"https:\/\/ferrygut.com\/wp-content\/themes\/nij-fer-fegu-2023\/assets\/img\/placeholder.jpg\" loading=\"lazy\" class=\"flex self-stretch order-1 object-cover w-full h-full mx-auto md:order-2 aspect-16-9 img-fluid\">\n            \n         <\/div>\n      <\/div>\n   <\/div>\n<\/div>\n   \n   <\/section>\n\n\n\n\n\n\n\n<p><strong>Impressum<\/strong><\/p>\n\n\n\n<p><strong>FerryGut.com <\/strong><\/p>\n\n\n\n<p>Aresstraat 5-03<br>5048CD Tilburg<br>Netherlands<\/p>\n\n\n\n<p>Telefon: <a href=\"#\">+31850000735<\/a><\/p>\n\n\n\n<p>Mail:\u00a0<a href=\"mailto:info@trustedshops.de\">service@ferrygut.com<\/a><\/p>\n\n\n\n<p>Gesch\u00e4ftsf\u00fchrer<strong>:<\/strong>\u00a0Ferenc Leijs<\/p>\n\n\n\n<p>Handelsregister: <\/p>\n\n\n\n<p>Umsatzsteuer-Identifikationsnummer(n): <\/p>\n\n\n\n<p>Die Europ\u00e4ische Kommission stellt eine Plattform zur Online-Streitbeilegung (OS) bereit, die Sie hier finden&nbsp;<a href=\"https:\/\/ec.europa.eu\/consumers\/odr\/\" target=\"_blank\" rel=\"noreferrer noopener\">https:\/\/ec.europa.eu\/consumers\/odr\/<\/a>. Wir sind bereit, an einem au\u00dfergerichtlichen Schlichtungsverfahren vor einer Verbraucherschlichtungsstelle teilzunehmen. Zust\u00e4ndig ist die Universalschlichtungsstelle des Bundes am Zentrum f\u00fcr Schlichtung e.V., Stra\u00dfburger Stra\u00dfe 8, 77694 Kehl am Rhein,&nbsp;<a href=\"https:\/\/www.verbraucher-schlichter.de\/\" target=\"_blank\" rel=\"noreferrer noopener\">www.verbraucher-schlichter.de<\/a>.<\/p>\n\n\n\n<p><\/p>\n","protected":false},"excerpt":{"rendered":"<p>Impressum FerryGut.com Aresstraat 5-035048CD TilburgNetherlands Telefon: +31850000735 Mail:\u00a0service@ferrygut.com Gesch\u00e4ftsf\u00fchrer:\u00a0Ferenc Leijs Handelsregister: Umsatzsteuer-Identifikationsnummer(n): Die Europ\u00e4ische Kommission stellt eine Plattform zur Online-Streitbeilegung (OS) bereit, die Sie hier finden&nbsp;https:\/\/ec.europa.eu\/consumers\/odr\/. Wir sind bereit, an einem au\u00dfergerichtlichen Schlichtungsverfahren vor einer Verbraucherschlichtungsstelle teilzunehmen. Zust\u00e4ndig ist die Universalschlichtungsstelle des Bundes am Zentrum f\u00fcr Schlichtung e.V., Stra\u00dfburger Stra\u00dfe 8, 77694 Kehl am Rhein,&nbsp;www.verbraucher-schlichter.de.<\/p>\n","protected":false},"author":1,"featured_media":0,"parent":0,"menu_order":0,"comment_status":"closed","ping_status":"closed","template":"","meta":{"_acf_changed":false,"_seopress_robots_primary_cat":"","_seopress_titles_title":"","_seopress_titles_desc":"","_seopress_robots_index":"","footnotes":""},"class_list":["post-47068","page","type-page","status-publish","hentry"],"acf":[],"_links":{"self":[{"href":"https:\/\/ferrygut.com\/de\/wp-json\/wp\/v2\/pages\/47068","targetHints":{"allow":["GET"]}}],"collection":[{"href":"https:\/\/ferrygut.com\/de\/wp-json\/wp\/v2\/pages"}],"about":[{"href":"https:\/\/ferrygut.com\/de\/wp-json\/wp\/v2\/types\/page"}],"author":[{"embeddable":true,"href":"https:\/\/ferrygut.com\/de\/wp-json\/wp\/v2\/users\/1"}],"replies":[{"embeddable":true,"href":"https:\/\/ferrygut.com\/de\/wp-json\/wp\/v2\/comments?post=47068"}],"version-history":[{"count":3,"href":"https:\/\/ferrygut.com\/de\/wp-json\/wp\/v2\/pages\/47068\/revisions"}],"predecessor-version":[{"id":47076,"href":"https:\/\/ferrygut.com\/de\/wp-json\/wp\/v2\/pages\/47068\/revisions\/47076"}],"wp:attachment":[{"href":"https:\/\/ferrygut.com\/de\/wp-json\/wp\/v2\/media?parent=47068"}],"curies":[{"name":"wp","href":"https:\/\/api.w.org\/{rel}","templated":true}]}}