{"id":24172,"date":"2024-02-08T10:09:33","date_gmt":"2024-02-08T09:09:33","guid":{"rendered":"https:\/\/ferrygut.com\/ueber-uns\/"},"modified":"2025-05-05T21:22:14","modified_gmt":"2025-05-05T19:22:14","slug":"ueber-uns","status":"publish","type":"page","link":"https:\/\/ferrygut.com\/de\/ueber-uns\/","title":{"rendered":"\u00dcber uns"},"content":{"rendered":"\n\n\n","protected":false},"excerpt":{"rendered":"","protected":false},"author":2,"featured_media":8218,"parent":0,"menu_order":0,"comment_status":"closed","ping_status":"closed","template":"","meta":{"_acf_changed":false,"_seopress_robots_primary_cat":"","_seopress_titles_title":"\u00dcber uns - FerryGut.com","_seopress_titles_desc":"Bist du neugierig auf unsere Geschichte? Wir erz\u00e4hlen dir mehr dar\u00fcber auf unserer \u00dcber uns-Seite! Jetzt zu lesen auf FerryGut.com","_seopress_robots_index":"","footnotes":""},"class_list":["post-24172","page","type-page","status-publish","has-post-thumbnail","hentry"],"acf":[],"_links":{"self":[{"href":"https:\/\/ferrygut.com\/de\/wp-json\/wp\/v2\/pages\/24172","targetHints":{"allow":["GET"]}}],"collection":[{"href":"https:\/\/ferrygut.com\/de\/wp-json\/wp\/v2\/pages"}],"about":[{"href":"https:\/\/ferrygut.com\/de\/wp-json\/wp\/v2\/types\/page"}],"author":[{"embeddable":true,"href":"https:\/\/ferrygut.com\/de\/wp-json\/wp\/v2\/users\/2"}],"replies":[{"embeddable":true,"href":"https:\/\/ferrygut.com\/de\/wp-json\/wp\/v2\/comments?post=24172"}],"version-history":[{"count":5,"href":"https:\/\/ferrygut.com\/de\/wp-json\/wp\/v2\/pages\/24172\/revisions"}],"predecessor-version":[{"id":47604,"href":"https:\/\/ferrygut.com\/de\/wp-json\/wp\/v2\/pages\/24172\/revisions\/47604"}],"wp:featuredmedia":[{"embeddable":true,"href":"https:\/\/ferrygut.com\/de\/wp-json\/wp\/v2\/media\/8218"}],"wp:attachment":[{"href":"https:\/\/ferrygut.com\/de\/wp-json\/wp\/v2\/media?parent=24172"}],"curies":[{"name":"wp","href":"https:\/\/api.w.org\/{rel}","templated":true}]}}