{"id":24149,"date":"2024-02-28T21:41:10","date_gmt":"2024-02-28T20:41:10","guid":{"rendered":"https:\/\/ferrygut.com\/business-b2b\/"},"modified":"2025-01-22T12:17:06","modified_gmt":"2025-01-22T11:17:06","slug":"business-b2b","status":"publish","type":"page","link":"https:\/\/ferrygut.com\/de\/business-b2b\/","title":{"rendered":"Business (B2B)"},"content":{"rendered":"\n\n\n   <section id=\"block-main-content-block_678632b0b640dfd3f4ed50e134014d4e\" class=\"relative align wp-block-acf-main-content\">\n      <div class=\"container !px-0\">\n         <div class=\"the-content\">\n            <div class=\"acf-innerblocks-container\">\n\n<h2 class=\"wp-block-heading\">Auftr\u00e4ge von Unternehmen (B2B)<\/h2>\n\n\n\n<p>FerryGut.com konzentriert sich auf den Endverbraucher, aber auch Gesch\u00e4ftsbestellungen im Auftrag von Unternehmen und Institutionen, bei denen gr\u00f6\u00dfere Mengen gew\u00fcnscht sind, sind m\u00f6glich. M\u00f6chtest du ein ma\u00dfgeschneidertes Angebot oder hast du Fragen zu einer gesch\u00e4ftlichen Bestellung? Schauen Sie bitte auf <a href=\"https:\/\/portal.e-gadget.eu\">https:\/\/portal.e-gadget.eu.<\/a>  <\/p>\n\n\n\n<h2 class=\"wp-block-heading\">Unsere Kundenbetreuer sind f\u00fcr dich da!<\/h2>\n\n\n\n<p>Es gibt nichts Sch\u00f6neres, als einen pers\u00f6nlichen Ansprechpartner zu haben, der \u00fcber alle laufenden Angelegenheiten auf dem Laufenden ist. Wenn du eine gesch\u00e4ftliche Bestellung bei uns aufgeben m\u00f6chtest, werden wir dein Unternehmen mit einem unserer Kundenbetreuer zusammenbringen, um eine reibungslose Zusammenarbeit zu gew\u00e4hrleisten. <\/p>\n\n\n\n<blockquote class=\"wp-block-quote is-layout-flow wp-block-quote-is-layout-flow\">\n<p>Ein eigener Kundenbetreuer f\u00fcr deine Gesch\u00e4ftsauftr\u00e4ge &#8211; was k\u00f6nnte bequemer sein als das?  <\/p>\n<cite>Direkter Kontakt, per Telefon und Post<\/cite><\/blockquote>\n\n\n\n<figure class=\"wp-block-gallery has-nested-images columns-default is-cropped wp-block-gallery-2 is-layout-flex wp-block-gallery-is-layout-flex\">\n<figure class=\"wp-block-image size-large\"><img loading=\"lazy\" decoding=\"async\" width=\"1024\" height=\"576\" data-id=\"1835\" src=\"https:\/\/ferrygut.com\/wp-content\/uploads\/2024\/02\/Ferrygut_logo_Koptelefoon-100-1024x576.jpg\" alt=\"\" class=\"wp-image-1835 img-fluid\" srcset=\"https:\/\/ferrygut.com\/wp-content\/uploads\/2024\/02\/Ferrygut_logo_Koptelefoon-100-1024x576.jpg 1024w, https:\/\/ferrygut.com\/wp-content\/uploads\/2024\/02\/Ferrygut_logo_Koptelefoon-100-600x338.jpg 600w, https:\/\/ferrygut.com\/wp-content\/uploads\/2024\/02\/Ferrygut_logo_Koptelefoon-100-768x432.jpg 768w, https:\/\/ferrygut.com\/wp-content\/uploads\/2024\/02\/Ferrygut_logo_Koptelefoon-100-1536x864.jpg 1536w, https:\/\/ferrygut.com\/wp-content\/uploads\/2024\/02\/Ferrygut_logo_Koptelefoon-100.jpg 1920w\" sizes=\"auto, (max-width: 1024px) 100vw, 1024px\" \/><\/figure>\n<\/figure>\n\n\n\n<h2 class=\"wp-block-heading\">Lager<\/h2>\n\n\n\n<p>Wir sind ein Lagerhalter, d.h. wir sind in der Lage, (gr\u00f6\u00dfere) Gesch\u00e4ftsauftr\u00e4ge in absehbarer Zeit zu liefern.  <\/p>\n\n\n\n<figure class=\"wp-block-pullquote\"><blockquote><p>Wir haben fast alle unsere Produkte in ausreichender Menge auf Lager, sodass eine (gr\u00f6\u00dfere) Gesch\u00e4ftsbestellung f\u00fcr uns kein Problem ist.<\/p><cite>Das nenne ich F\u00e4hrenbauch!<\/cite><\/blockquote><\/figure>\n\n<\/div>         <\/div>\n      <\/div>\n   <\/section>\n\n\n","protected":false},"excerpt":{"rendered":"","protected":false},"author":1,"featured_media":0,"parent":0,"menu_order":0,"comment_status":"closed","ping_status":"closed","template":"","meta":{"_acf_changed":false,"_seopress_robots_primary_cat":"","_seopress_titles_title":"B2B | Gesch\u00e4ftliche Bestellung aufgeben | FerryGut.com","_seopress_titles_desc":"Wir von FerryGut liefern auch an Unternehmen und Institutionen, die gr\u00f6\u00dfere Mengen ben\u00f6tigen | Bestell es bei FerryGut! | Kontakt ","_seopress_robots_index":"","footnotes":""},"class_list":["post-24149","page","type-page","status-publish","hentry"],"acf":[],"_links":{"self":[{"href":"https:\/\/ferrygut.com\/de\/wp-json\/wp\/v2\/pages\/24149","targetHints":{"allow":["GET"]}}],"collection":[{"href":"https:\/\/ferrygut.com\/de\/wp-json\/wp\/v2\/pages"}],"about":[{"href":"https:\/\/ferrygut.com\/de\/wp-json\/wp\/v2\/types\/page"}],"author":[{"embeddable":true,"href":"https:\/\/ferrygut.com\/de\/wp-json\/wp\/v2\/users\/1"}],"replies":[{"embeddable":true,"href":"https:\/\/ferrygut.com\/de\/wp-json\/wp\/v2\/comments?post=24149"}],"version-history":[{"count":1,"href":"https:\/\/ferrygut.com\/de\/wp-json\/wp\/v2\/pages\/24149\/revisions"}],"predecessor-version":[{"id":24150,"href":"https:\/\/ferrygut.com\/de\/wp-json\/wp\/v2\/pages\/24149\/revisions\/24150"}],"wp:attachment":[{"href":"https:\/\/ferrygut.com\/de\/wp-json\/wp\/v2\/media?parent=24149"}],"curies":[{"name":"wp","href":"https:\/\/api.w.org\/{rel}","templated":true}]}}