{"id":24091,"date":"2025-01-21T11:29:49","date_gmt":"2025-01-21T10:29:49","guid":{"rendered":"https:\/\/ferrygut.com\/link-seite\/"},"modified":"2025-01-22T12:16:52","modified_gmt":"2025-01-22T11:16:52","slug":"link-seite","status":"publish","type":"page","link":"https:\/\/ferrygut.com\/de\/link-seite\/","title":{"rendered":"Link Seite"},"content":{"rendered":"\n<h2 class=\"wp-block-heading\">Link Seite<\/h2>\n\n<p><a href=\"http:\/\/kamperen.startkabel.nl\">Camping<\/a><\/p>\n\n<p><a href=\"http:\/\/outdoor.opzijnbest.nl\" data-type=\"link\" data-id=\"http:\/\/outdoor.opzijnbest.nl\">Drau\u00dfen<\/a><\/p>\n\n<p><strong><a href=\"http:\/\/kampeeruitrusting.opzijnbest.nl\" data-type=\"link\" data-id=\"http:\/\/kampeeruitrusting.opzijnbest.nl\">Campingausr\u00fcstung<\/a><\/strong><\/p>\n\n<p><strong><a href=\"http:\/\/opruimen.opzijnbest.nl\" data-type=\"link\" data-id=\"http:\/\/opruimen.opzijnbest.nl\">aufr\u00e4umen<\/a><\/strong><\/p>\n","protected":false},"excerpt":{"rendered":"<p>Link Seite Camping Drau\u00dfen Campingausr\u00fcstung aufr\u00e4umen<\/p>\n","protected":false},"author":3,"featured_media":0,"parent":0,"menu_order":0,"comment_status":"closed","ping_status":"closed","template":"","meta":{"_acf_changed":false,"_seopress_robots_primary_cat":"","_seopress_titles_title":"","_seopress_titles_desc":"","_seopress_robots_index":"","footnotes":""},"class_list":["post-24091","page","type-page","status-publish","hentry"],"acf":[],"_links":{"self":[{"href":"https:\/\/ferrygut.com\/de\/wp-json\/wp\/v2\/pages\/24091","targetHints":{"allow":["GET"]}}],"collection":[{"href":"https:\/\/ferrygut.com\/de\/wp-json\/wp\/v2\/pages"}],"about":[{"href":"https:\/\/ferrygut.com\/de\/wp-json\/wp\/v2\/types\/page"}],"author":[{"embeddable":true,"href":"https:\/\/ferrygut.com\/de\/wp-json\/wp\/v2\/users\/3"}],"replies":[{"embeddable":true,"href":"https:\/\/ferrygut.com\/de\/wp-json\/wp\/v2\/comments?post=24091"}],"version-history":[{"count":1,"href":"https:\/\/ferrygut.com\/de\/wp-json\/wp\/v2\/pages\/24091\/revisions"}],"predecessor-version":[{"id":24094,"href":"https:\/\/ferrygut.com\/de\/wp-json\/wp\/v2\/pages\/24091\/revisions\/24094"}],"wp:attachment":[{"href":"https:\/\/ferrygut.com\/de\/wp-json\/wp\/v2\/media?parent=24091"}],"curies":[{"name":"wp","href":"https:\/\/api.w.org\/{rel}","templated":true}]}}